{"id":9390,"date":"2020-02-16T17:49:11","date_gmt":"2020-02-16T22:49:11","guid":{"rendered":"https:\/\/arthurcotton.wpengine.com\/?page_id=9390"},"modified":"2020-02-16T17:52:23","modified_gmt":"2020-02-16T22:52:23","slug":"sitemap","status":"publish","type":"page","link":"https:\/\/arthurcotton.com\/en\/sitemap\/","title":{"rendered":"Sitemap"},"content":{"rendered":"<p>[et_pb_section fb_built=&#8221;1&#8243; _builder_version=&#8221;4.0.6&#8243; use_background_color_gradient=&#8221;on&#8221; background_color_gradient_start=&#8221;rgba(0,0,0,0.4)&#8221; background_color_gradient_end=&#8221;rgba(0,0,0,0.4)&#8221; background_color_gradient_overlays_image=&#8221;on&#8221; background_image=&#8221;https:\/\/arthurcotton.wpengine.com\/wp-content\/uploads\/2019\/06\/conception-produits-web-sur-mesure.jpg&#8221; custom_margin=&#8221;|||&#8221; custom_padding=&#8221;||0px||false|false&#8221;][et_pb_row _builder_version=&#8221;3.25&#8243; max_width=&#8221;80%&#8221; custom_margin=&#8221;|||&#8221; custom_padding=&#8221;125px||115px||false|false&#8221; use_custom_width=&#8221;on&#8221; width_unit=&#8221;off&#8221;][et_pb_column type=&#8221;4_4&#8243; _builder_version=&#8221;3.25&#8243; custom_padding=&#8221;|||&#8221; custom_padding__hover=&#8221;|||&#8221;][et_pb_text _builder_version=&#8221;4.3.2&#8243; text_text_color=&#8221;#ffffff&#8221; background_layout=&#8221;dark&#8221; hover_enabled=&#8221;0&#8243;]<\/p>\n<h1>Sitemap<\/h1>\n<p>[\/et_pb_text][\/et_pb_column][\/et_pb_row][\/et_pb_section][et_pb_section fb_built=&#8221;1&#8243; _builder_version=&#8221;3.22.3&#8243;][et_pb_row custom_padding_last_edited=&#8221;on|tablet&#8221; _builder_version=&#8221;3.25&#8243; custom_padding=&#8221;31px|0|31px|0px|false|false&#8221; custom_padding_tablet=&#8221;||0px|&#8221; custom_padding_phone=&#8221;||0px|&#8221;][et_pb_column type=&#8221;4_4&#8243; _builder_version=&#8221;3.25&#8243; custom_padding=&#8221;|||&#8221; custom_padding__hover=&#8221;|||&#8221;][et_pb_text _builder_version=&#8221;4.3.2&#8243; header_font=&#8221;||||||||&#8221; header_text_align=&#8221;center&#8221; header_text_color=&#8221;#ffffff&#8221; header_font_size=&#8221;70px&#8221; max_width_tablet=&#8221;&#8221; max_width_phone=&#8221;&#8221; max_width_last_edited=&#8221;on|desktop&#8221; module_alignment=&#8221;center&#8221; hover_enabled=&#8221;0&#8243; header_font_size_tablet=&#8221;&#8221; header_font_size_phone=&#8221;48px&#8221; header_font_size_last_edited=&#8221;on|phone&#8221; header_text_shadow_style=&#8221;preset3&#8243; header_text_shadow_horizontal_length=&#8221;0.03em&#8221; header_text_shadow_vertical_length=&#8221;0.03em&#8221; header_text_shadow_blur_strength=&#8221;0.05em&#8221;]<div class=\"menu-sitemap-container\"><ul id=\"menu-sitemap\" class=\"menu\"><li id=\"menu-item-9391\" class=\"menu-item menu-item-type-post_type menu-item-object-page menu-item-home menu-item-9391\"><a href=\"https:\/\/arthurcotton.com\/en\/\">Home<\/a><\/li>\n<li id=\"menu-item-9394\" class=\"menu-item menu-item-type-post_type menu-item-object-page menu-item-9394\"><a href=\"https:\/\/arthurcotton.com\/en\/services\/\">Services<\/a><\/li>\n<li id=\"menu-item-9392\" class=\"menu-item menu-item-type-post_type menu-item-object-page menu-item-has-children menu-item-9392\"><a href=\"https:\/\/arthurcotton.com\/en\/achievements\/\">Achievements<\/a>\n<ul class=\"sub-menu\">\n\t<li id=\"menu-item-9395\" class=\"menu-item menu-item-type-post_type menu-item-object-project menu-item-9395\"><a href=\"https:\/\/arthurcotton.com\/en\/portfolio\/paysagiste-andryves\/\">Paysagiste Andryves<\/a><\/li>\n\t<li id=\"menu-item-9396\" class=\"menu-item menu-item-type-post_type menu-item-object-project menu-item-9396\"><a href=\"https:\/\/arthurcotton.com\/en\/portfolio\/couvreur-roxboro\/\">Couvreur Roxboro<\/a><\/li>\n\t<li id=\"menu-item-9397\" class=\"menu-item menu-item-type-post_type menu-item-object-project menu-item-9397\"><a href=\"https:\/\/arthurcotton.com\/en\/portfolio\/nardosalento\/\">NardoSalento<\/a><\/li>\n\t<li id=\"menu-item-9398\" class=\"menu-item menu-item-type-post_type menu-item-object-project menu-item-9398\"><a href=\"https:\/\/arthurcotton.com\/en\/portfolio\/fablab-ulb\/\">FabLab ULB<\/a><\/li>\n\t<li id=\"menu-item-9399\" class=\"menu-item menu-item-type-post_type menu-item-object-project menu-item-9399\"><a href=\"https:\/\/arthurcotton.com\/en\/portfolio\/paragraphe-printing\/\">Paragraphe Printing<\/a><\/li>\n\t<li id=\"menu-item-9400\" class=\"menu-item menu-item-type-post_type menu-item-object-project menu-item-9400\"><a href=\"https:\/\/arthurcotton.com\/en\/portfolio\/global-lingua-services\/\">Global Lingua Services<\/a><\/li>\n\t<li id=\"menu-item-9401\" class=\"menu-item menu-item-type-post_type menu-item-object-project menu-item-9401\"><a href=\"https:\/\/arthurcotton.com\/en\/portfolio\/stop-cyberhate\/\">Stop Cyberhate<\/a><\/li>\n\t<li id=\"menu-item-9402\" class=\"menu-item menu-item-type-post_type menu-item-object-project menu-item-9402\"><a href=\"https:\/\/arthurcotton.com\/en\/portfolio\/couscoot\/\">Couscoot<\/a><\/li>\n\t<li id=\"menu-item-9403\" class=\"menu-item menu-item-type-post_type menu-item-object-project menu-item-9403\"><a href=\"https:\/\/arthurcotton.com\/en\/portfolio\/le-bourlingueur-du-net\/\">Le Bourlingueur du Net<\/a><\/li>\n\t<li id=\"menu-item-9404\" class=\"menu-item menu-item-type-post_type menu-item-object-project menu-item-9404\"><a href=\"https:\/\/arthurcotton.com\/en\/portfolio\/webstrategy-finexto\/\">Webstrategy &#038; Finexto<\/a><\/li>\n\t<li id=\"menu-item-9405\" class=\"menu-item menu-item-type-post_type menu-item-object-project menu-item-9405\"><a href=\"https:\/\/arthurcotton.com\/en\/portfolio\/princesse-dorient\/\">Princesse d&#8217;Orient<\/a><\/li>\n\t<li id=\"menu-item-9406\" class=\"menu-item menu-item-type-post_type menu-item-object-project menu-item-9406\"><a href=\"https:\/\/arthurcotton.com\/en\/portfolio\/wild-housing-experience\/\">Wild Housing Experience<\/a><\/li>\n<\/ul>\n<\/li>\n<li id=\"menu-item-9393\" class=\"menu-item menu-item-type-post_type menu-item-object-page menu-item-9393\"><a href=\"https:\/\/arthurcotton.com\/en\/contact\/\">Contact<\/a><\/li>\n<\/ul><\/div>[\/et_pb_text][\/et_pb_column][\/et_pb_row][\/et_pb_section]<\/p>\n","protected":false},"excerpt":{"rendered":"<p>Sitemap<div class=\"menu-sitemap-container\"><ul id=\"menu-sitemap-1\" class=\"menu\"><li class=\"menu-item menu-item-type-post_type menu-item-object-page menu-item-home menu-item-9391\"><a href=\"https:\/\/arthurcotton.com\/en\/\">Home<\/a><\/li>\n<li class=\"menu-item menu-item-type-post_type menu-item-object-page menu-item-9394\"><a href=\"https:\/\/arthurcotton.com\/en\/services\/\">Services<\/a><\/li>\n<li class=\"menu-item menu-item-type-post_type menu-item-object-page menu-item-has-children menu-item-9392\"><a href=\"https:\/\/arthurcotton.com\/en\/achievements\/\">Achievements<\/a>\n<ul class=\"sub-menu\">\n\t<li class=\"menu-item menu-item-type-post_type menu-item-object-project menu-item-9395\"><a href=\"https:\/\/arthurcotton.com\/en\/portfolio\/paysagiste-andryves\/\">Paysagiste Andryves<\/a><\/li>\n\t<li class=\"menu-item menu-item-type-post_type menu-item-object-project menu-item-9396\"><a href=\"https:\/\/arthurcotton.com\/en\/portfolio\/couvreur-roxboro\/\">Couvreur Roxboro<\/a><\/li>\n\t<li class=\"menu-item menu-item-type-post_type menu-item-object-project menu-item-9397\"><a href=\"https:\/\/arthurcotton.com\/en\/portfolio\/nardosalento\/\">NardoSalento<\/a><\/li>\n\t<li class=\"menu-item menu-item-type-post_type menu-item-object-project menu-item-9398\"><a href=\"https:\/\/arthurcotton.com\/en\/portfolio\/fablab-ulb\/\">FabLab ULB<\/a><\/li>\n\t<li class=\"menu-item menu-item-type-post_type menu-item-object-project menu-item-9399\"><a href=\"https:\/\/arthurcotton.com\/en\/portfolio\/paragraphe-printing\/\">Paragraphe Printing<\/a><\/li>\n\t<li class=\"menu-item menu-item-type-post_type menu-item-object-project menu-item-9400\"><a href=\"https:\/\/arthurcotton.com\/en\/portfolio\/global-lingua-services\/\">Global Lingua Services<\/a><\/li>\n\t<li class=\"menu-item menu-item-type-post_type menu-item-object-project menu-item-9401\"><a href=\"https:\/\/arthurcotton.com\/en\/portfolio\/stop-cyberhate\/\">Stop Cyberhate<\/a><\/li>\n\t<li class=\"menu-item menu-item-type-post_type menu-item-object-project menu-item-9402\"><a href=\"https:\/\/arthurcotton.com\/en\/portfolio\/couscoot\/\">Couscoot<\/a><\/li>\n\t<li class=\"menu-item menu-item-type-post_type menu-item-object-project menu-item-9403\"><a href=\"https:\/\/arthurcotton.com\/en\/portfolio\/le-bourlingueur-du-net\/\">Le Bourlingueur du Net<\/a><\/li>\n\t<li class=\"menu-item menu-item-type-post_type menu-item-object-project menu-item-9404\"><a href=\"https:\/\/arthurcotton.com\/en\/portfolio\/webstrategy-finexto\/\">Webstrategy &#038; Finexto<\/a><\/li>\n\t<li class=\"menu-item menu-item-type-post_type menu-item-object-project menu-item-9405\"><a href=\"https:\/\/arthurcotton.com\/en\/portfolio\/princesse-dorient\/\">Princesse d&#8217;Orient<\/a><\/li>\n\t<li class=\"menu-item menu-item-type-post_type menu-item-object-project menu-item-9406\"><a href=\"https:\/\/arthurcotton.com\/en\/portfolio\/wild-housing-experience\/\">Wild Housing Experience<\/a><\/li>\n<\/ul>\n<\/li>\n<li class=\"menu-item menu-item-type-post_type menu-item-object-page menu-item-9393\"><a href=\"https:\/\/arthurcotton.com\/en\/contact\/\">Contact<\/a><\/li>\n<\/ul><\/div><\/p>\n","protected":false},"author":3,"featured_media":0,"parent":0,"menu_order":0,"comment_status":"closed","ping_status":"closed","template":"","meta":{"_et_pb_use_builder":"on","_et_pb_old_content":"","_et_gb_content_width":"","footnotes":""},"class_list":["post-9390","page","type-page","status-publish","hentry"],"yoast_head":"<!-- This site is optimized with the Yoast SEO plugin v22.0 - https:\/\/yoast.com\/wordpress\/plugins\/seo\/ -->\n<title>Sitemap - Arthur Cotton - Conception Web et \u00e9ducation aux m\u00e9dias<\/title>\n<meta name=\"robots\" content=\"index, follow, max-snippet:-1, max-image-preview:large, max-video-preview:-1\" \/>\n<link rel=\"canonical\" href=\"https:\/\/arthurcotton.com\/en\/sitemap\/\" \/>\n<meta property=\"og:locale\" content=\"en_US\" \/>\n<meta property=\"og:type\" content=\"article\" \/>\n<meta property=\"og:title\" content=\"Sitemap - Arthur Cotton - Conception Web et \u00e9ducation aux m\u00e9dias\" \/>\n<meta property=\"og:description\" content=\"Sitemap\" \/>\n<meta property=\"og:url\" content=\"https:\/\/arthurcotton.com\/en\/sitemap\/\" \/>\n<meta property=\"og:site_name\" content=\"Arthur Cotton - Conception Web et \u00e9ducation aux m\u00e9dias\" \/>\n<meta property=\"article:modified_time\" content=\"2020-02-16T22:52:23+00:00\" \/>\n<meta name=\"twitter:card\" content=\"summary_large_image\" \/>\n<meta name=\"twitter:label1\" content=\"Est. reading time\" \/>\n\t<meta name=\"twitter:data1\" content=\"1 minute\" \/>\n<script type=\"application\/ld+json\" class=\"yoast-schema-graph\">{\"@context\":\"https:\/\/schema.org\",\"@graph\":[{\"@type\":\"WebPage\",\"@id\":\"https:\/\/arthurcotton.com\/en\/sitemap\/\",\"url\":\"https:\/\/arthurcotton.com\/en\/sitemap\/\",\"name\":\"Sitemap - Arthur Cotton - Conception Web et \u00e9ducation aux m\u00e9dias\",\"isPartOf\":{\"@id\":\"https:\/\/arthurcotton.com\/#website\"},\"datePublished\":\"2020-02-16T22:49:11+00:00\",\"dateModified\":\"2020-02-16T22:52:23+00:00\",\"breadcrumb\":{\"@id\":\"https:\/\/arthurcotton.com\/en\/sitemap\/#breadcrumb\"},\"inLanguage\":\"en-CA\",\"potentialAction\":[{\"@type\":\"ReadAction\",\"target\":[\"https:\/\/arthurcotton.com\/en\/sitemap\/\"]}]},{\"@type\":\"BreadcrumbList\",\"@id\":\"https:\/\/arthurcotton.com\/en\/sitemap\/#breadcrumb\",\"itemListElement\":[{\"@type\":\"ListItem\",\"position\":1,\"name\":\"Accueil\",\"item\":\"https:\/\/arthurcotton.com\/en\/\"},{\"@type\":\"ListItem\",\"position\":2,\"name\":\"Sitemap\"}]},{\"@type\":\"WebSite\",\"@id\":\"https:\/\/arthurcotton.com\/#website\",\"url\":\"https:\/\/arthurcotton.com\/\",\"name\":\"Arthur Cotton - Conception Web et \u00e9ducation aux m\u00e9dias\",\"description\":\"Web marketing &amp; Education aux m\u00e9dias\",\"potentialAction\":[{\"@type\":\"SearchAction\",\"target\":{\"@type\":\"EntryPoint\",\"urlTemplate\":\"https:\/\/arthurcotton.com\/?s={search_term_string}\"},\"query-input\":\"required name=search_term_string\"}],\"inLanguage\":\"en-CA\"}]}<\/script>\n<!-- \/ Yoast SEO plugin. -->","yoast_head_json":{"title":"Sitemap - Arthur Cotton - Conception Web et \u00e9ducation aux m\u00e9dias","robots":{"index":"index","follow":"follow","max-snippet":"max-snippet:-1","max-image-preview":"max-image-preview:large","max-video-preview":"max-video-preview:-1"},"canonical":"https:\/\/arthurcotton.com\/en\/sitemap\/","og_locale":"en_US","og_type":"article","og_title":"Sitemap - Arthur Cotton - Conception Web et \u00e9ducation aux m\u00e9dias","og_description":"Sitemap","og_url":"https:\/\/arthurcotton.com\/en\/sitemap\/","og_site_name":"Arthur Cotton - Conception Web et \u00e9ducation aux m\u00e9dias","article_modified_time":"2020-02-16T22:52:23+00:00","twitter_card":"summary_large_image","twitter_misc":{"Est. reading time":"1 minute"},"schema":{"@context":"https:\/\/schema.org","@graph":[{"@type":"WebPage","@id":"https:\/\/arthurcotton.com\/en\/sitemap\/","url":"https:\/\/arthurcotton.com\/en\/sitemap\/","name":"Sitemap - Arthur Cotton - Conception Web et \u00e9ducation aux m\u00e9dias","isPartOf":{"@id":"https:\/\/arthurcotton.com\/#website"},"datePublished":"2020-02-16T22:49:11+00:00","dateModified":"2020-02-16T22:52:23+00:00","breadcrumb":{"@id":"https:\/\/arthurcotton.com\/en\/sitemap\/#breadcrumb"},"inLanguage":"en-CA","potentialAction":[{"@type":"ReadAction","target":["https:\/\/arthurcotton.com\/en\/sitemap\/"]}]},{"@type":"BreadcrumbList","@id":"https:\/\/arthurcotton.com\/en\/sitemap\/#breadcrumb","itemListElement":[{"@type":"ListItem","position":1,"name":"Accueil","item":"https:\/\/arthurcotton.com\/en\/"},{"@type":"ListItem","position":2,"name":"Sitemap"}]},{"@type":"WebSite","@id":"https:\/\/arthurcotton.com\/#website","url":"https:\/\/arthurcotton.com\/","name":"Arthur Cotton - Conception Web et \u00e9ducation aux m\u00e9dias","description":"Web marketing &amp; Education aux m\u00e9dias","potentialAction":[{"@type":"SearchAction","target":{"@type":"EntryPoint","urlTemplate":"https:\/\/arthurcotton.com\/?s={search_term_string}"},"query-input":"required name=search_term_string"}],"inLanguage":"en-CA"}]}},"_links":{"self":[{"href":"https:\/\/arthurcotton.com\/en\/wp-json\/wp\/v2\/pages\/9390","targetHints":{"allow":["GET"]}}],"collection":[{"href":"https:\/\/arthurcotton.com\/en\/wp-json\/wp\/v2\/pages"}],"about":[{"href":"https:\/\/arthurcotton.com\/en\/wp-json\/wp\/v2\/types\/page"}],"author":[{"embeddable":true,"href":"https:\/\/arthurcotton.com\/en\/wp-json\/wp\/v2\/users\/3"}],"replies":[{"embeddable":true,"href":"https:\/\/arthurcotton.com\/en\/wp-json\/wp\/v2\/comments?post=9390"}],"version-history":[{"count":0,"href":"https:\/\/arthurcotton.com\/en\/wp-json\/wp\/v2\/pages\/9390\/revisions"}],"wp:attachment":[{"href":"https:\/\/arthurcotton.com\/en\/wp-json\/wp\/v2\/media?parent=9390"}],"curies":[{"name":"wp","href":"https:\/\/api.w.org\/{rel}","templated":true}]}}